{"id":579,"date":"2025-11-18T17:14:41","date_gmt":"2025-11-18T17:14:41","guid":{"rendered":"https:\/\/mkf7.com\/atmaambiental\/?page_id=579"},"modified":"2025-11-18T18:09:25","modified_gmt":"2025-11-18T18:09:25","slug":"politica-de-privacidade","status":"publish","type":"page","link":"https:\/\/mkf7.com\/atmaambiental\/politica-de-privacidade\/","title":{"rendered":"Politica de Privacidade"},"content":{"rendered":"\t\t<div data-elementor-type=\"wp-page\" data-elementor-id=\"579\" class=\"elementor elementor-579\" data-elementor-post-type=\"page\">\n\t\t\t\t<div class=\"elementor-element elementor-element-202d93f9 e-flex e-con-boxed e-con e-parent\" data-id=\"202d93f9\" data-element_type=\"container\" data-e-type=\"container\" data-settings=\"{&quot;background_background&quot;:&quot;classic&quot;}\">\n\t\t\t\t\t<div class=\"e-con-inner\">\n\t\t<div class=\"elementor-element elementor-element-470cf159 e-flex e-con-boxed e-con e-child\" data-id=\"470cf159\" data-element_type=\"container\" data-e-type=\"container\">\n\t\t\t\t\t<div class=\"e-con-inner\">\n\t\t\t\t<div class=\"elementor-element elementor-element-2eb105db elementor-widget elementor-widget-heading\" data-id=\"2eb105db\" data-element_type=\"widget\" data-e-type=\"widget\" data-widget_type=\"heading.default\">\n\t\t\t\t<div class=\"elementor-widget-container\">\n\t\t\t\t\t<h3 class=\"elementor-heading-title elementor-size-default\">Pol\u00edtica de Privacidade<\/h3>\t\t\t\t<\/div>\n\t\t\t\t<\/div>\n\t\t\t\t<div class=\"elementor-element elementor-element-45a8f95 elementor-widget elementor-widget-text-editor\" data-id=\"45a8f95\" data-element_type=\"widget\" data-e-type=\"widget\" data-widget_type=\"text-editor.default\">\n\t\t\t\t<div class=\"elementor-widget-container\">\n\t\t\t\t\t\t\t\t\t<p>Seguro Ambiental<\/p>\t\t\t\t\t\t\t\t<\/div>\n\t\t\t\t<\/div>\n\t\t\t\t\t<\/div>\n\t\t\t\t<\/div>\n\t\t\t\t\t<\/div>\n\t\t\t\t<\/div>\n\t\t<div class=\"elementor-element elementor-element-c709034 e-flex e-con-boxed e-con e-parent\" data-id=\"c709034\" data-element_type=\"container\" data-e-type=\"container\">\n\t\t\t\t\t<div class=\"e-con-inner\">\n\t\t\t\t<div class=\"elementor-element elementor-element-7f4c113 elementor-widget elementor-widget-text-editor\" data-id=\"7f4c113\" data-element_type=\"widget\" data-e-type=\"widget\" data-widget_type=\"text-editor.default\">\n\t\t\t\t<div class=\"elementor-widget-container\">\n\t\t\t\t\t\t\t\t\t<h2 data-start=\"482\" data-end=\"502\"><strong data-start=\"485\" data-end=\"502\">1. INTRODU\u00c7\u00c3O<\/strong><\/h2><p data-start=\"504\" data-end=\"832\">A presente <strong data-start=\"515\" data-end=\"575\">Pol\u00edtica de Prote\u00e7\u00e3o de Dados Pessoais do Atm\u00e3 Ambiental<\/strong> foi elaborada com base na Lei Geral de Prote\u00e7\u00e3o de Dados (LGPD \u2013 Lei n\u00ba 13.709\/2018), sem deixar de considerar conceitos, par\u00e2metros e padr\u00f5es estabelecidos por outras normativas internacionais, em especial, o General Data Protection Regulation (GDPR). [1]<\/p><p data-start=\"834\" data-end=\"1054\">Por meio desta Pol\u00edtica, o <strong data-start=\"861\" data-end=\"879\">Atm\u00e3 Ambiental<\/strong> estabelece as diretrizes relacionadas \u00e0 privacidade e prote\u00e7\u00e3o de dados pessoais no ambiente da Companhia, refletindo o compromisso do Grupo com a prote\u00e7\u00e3o de dados pessoais.<\/p><p data-start=\"1056\" data-end=\"1139\">Esta pol\u00edtica \u00e9 aplic\u00e1vel a <strong data-start=\"1084\" data-end=\"1123\">todas as empresas do Atm\u00e3 Ambiental<\/strong>, sem distin\u00e7\u00e3o.<\/p><p data-start=\"1141\" data-end=\"1352\">Incumbe a todos os colaboradores, fornecedores, prestadores de servi\u00e7os, parceiros comerciais e clientes manter um ambiente de neg\u00f3cios \u00e9tico, transparente e \u00edntegro, desempenhando suas atividades de acordo com:<\/p><ul data-start=\"1354\" data-end=\"1478\"><li data-start=\"1354\" data-end=\"1397\"><p data-start=\"1356\" data-end=\"1397\">O C\u00f3digo de \u00c9tica do <strong data-start=\"1377\" data-end=\"1395\">Atm\u00e3 Ambiental<\/strong><\/p><\/li><li data-start=\"1398\" data-end=\"1415\"><p data-start=\"1400\" data-end=\"1415\">Esta Pol\u00edtica<\/p><\/li><li data-start=\"1416\" data-end=\"1450\"><p data-start=\"1418\" data-end=\"1450\">Normativas internas aplic\u00e1veis<\/p><\/li><li data-start=\"1451\" data-end=\"1478\"><p data-start=\"1453\" data-end=\"1478\">Legisla\u00e7\u00f5es pertinentes<\/p><\/li><\/ul><p data-start=\"1480\" data-end=\"1655\">Em caso de d\u00favidas sobre esta Pol\u00edtica, sua aplica\u00e7\u00e3o ou qualquer tema relacionado, entre em contato com o <strong data-start=\"1587\" data-end=\"1654\">encarregado pelo tratamento de dados pessoais do Atm\u00e3 Ambiental<\/strong>.<\/p><hr data-start=\"1657\" data-end=\"1660\" \/><h2 data-start=\"1662\" data-end=\"1681\"><strong data-start=\"1665\" data-end=\"1681\">2. APLICA\u00c7\u00c3O<\/strong><\/h2><p data-start=\"1683\" data-end=\"1856\">Esta Pol\u00edtica se aplica a todos os empregados, fornecedores, prestadores de servi\u00e7os, parceiros comerciais e clientes do <strong data-start=\"1804\" data-end=\"1822\">Atm\u00e3 Ambiental<\/strong>, observados os par\u00e2metros legais.<\/p><h3 data-start=\"1858\" data-end=\"1883\"><strong data-start=\"1862\" data-end=\"1883\">Exce\u00e7\u00f5es da LGPD:<\/strong><\/h3><p data-start=\"1885\" data-end=\"1946\">N\u00e3o se aplica ao tratamento de dados pessoais realizado para:<\/p><ul data-start=\"1948\" data-end=\"2150\"><li data-start=\"1948\" data-end=\"2052\"><p data-start=\"1950\" data-end=\"2052\">Seguran\u00e7a p\u00fablica, defesa nacional, seguran\u00e7a do Estado ou investiga\u00e7\u00e3o\/repress\u00e3o de infra\u00e7\u00f5es penais.<\/p><\/li><li data-start=\"2053\" data-end=\"2150\"><p data-start=\"2055\" data-end=\"2150\">Tratamento realizado por pessoa natural para fins exclusivamente particulares e n\u00e3o econ\u00f4micos.<\/p><\/li><\/ul><p data-start=\"2152\" data-end=\"2292\">Mesmo nos casos de exce\u00e7\u00e3o, deve-se respeitar legisla\u00e7\u00e3o espec\u00edfica, medidas proporcionais, princ\u00edpios de prote\u00e7\u00e3o e os direitos do titular.<\/p><hr data-start=\"2294\" data-end=\"2297\" \/><h2 data-start=\"2299\" data-end=\"2317\"><strong data-start=\"2302\" data-end=\"2317\">3. OBJETIVO<\/strong><\/h2><p data-start=\"2319\" data-end=\"2520\">O <strong data-start=\"2321\" data-end=\"2339\">Atm\u00e3 Ambiental<\/strong> objetiva estabelecer e padronizar princ\u00edpios, conceitos e diretrizes relativos \u00e0 privacidade e prote\u00e7\u00e3o de dados pessoais no ambiente da Companhia, observando a legisla\u00e7\u00e3o vigente.<\/p><hr data-start=\"2522\" data-end=\"2525\" \/><h2 data-start=\"2527\" data-end=\"2543\"><strong data-start=\"2530\" data-end=\"2543\">4. ESCOPO<\/strong><\/h2><p data-start=\"2545\" data-end=\"2583\">Alguns conceitos fundamentais da LGPD:<\/p><ul data-start=\"2585\" data-end=\"3719\"><li data-start=\"2585\" data-end=\"2679\"><p data-start=\"2587\" data-end=\"2679\"><strong data-start=\"2587\" data-end=\"2606\">Dados Pessoais:<\/strong> informa\u00e7\u00e3o relacionada a pessoa natural identificada ou identific\u00e1vel.<\/p><\/li><li data-start=\"2680\" data-end=\"2833\"><p data-start=\"2682\" data-end=\"2833\"><strong data-start=\"2682\" data-end=\"2702\">Dados Sens\u00edveis:<\/strong> origem racial\/\u00e9tnica, cren\u00e7a religiosa, opini\u00e3o pol\u00edtica, filia\u00e7\u00e3o sindical, dado de sa\u00fade, vida sexual, gen\u00e9tico ou biom\u00e9trico.<\/p><\/li><li data-start=\"2834\" data-end=\"2891\"><p data-start=\"2836\" data-end=\"2891\"><strong data-start=\"2836\" data-end=\"2851\">Tratamento:<\/strong> qualquer opera\u00e7\u00e3o com dados pessoais.<\/p><\/li><li data-start=\"2892\" data-end=\"2951\"><p data-start=\"2894\" data-end=\"2951\"><strong data-start=\"2894\" data-end=\"2906\">Titular:<\/strong> pessoa natural a quem os dados se referem.<\/p><\/li><li data-start=\"2952\" data-end=\"3012\"><p data-start=\"2954\" data-end=\"3012\"><strong data-start=\"2954\" data-end=\"2970\">Controlador:<\/strong> respons\u00e1vel por decis\u00f5es do tratamento.<\/p><\/li><li data-start=\"3013\" data-end=\"3080\"><p data-start=\"3015\" data-end=\"3080\"><strong data-start=\"3015\" data-end=\"3028\">Operador:<\/strong> quem realiza o tratamento em nome do controlador.<\/p><\/li><li data-start=\"3081\" data-end=\"3165\"><p data-start=\"3083\" data-end=\"3165\"><strong data-start=\"3083\" data-end=\"3105\">Encarregado (DPO):<\/strong> canal de comunica\u00e7\u00e3o entre controlador, titulares e ANPD.<\/p><\/li><li data-start=\"3166\" data-end=\"3207\"><p data-start=\"3168\" data-end=\"3207\"><strong data-start=\"3168\" data-end=\"3182\">Incidente:<\/strong> viola\u00e7\u00e3o de seguran\u00e7a.<\/p><\/li><li data-start=\"3208\" data-end=\"3250\"><p data-start=\"3210\" data-end=\"3250\"><strong data-start=\"3210\" data-end=\"3225\">Compliance:<\/strong> conformidade a normas.<\/p><\/li><li data-start=\"3251\" data-end=\"3311\"><p data-start=\"3253\" data-end=\"3311\"><strong data-start=\"3253\" data-end=\"3269\">Encripta\u00e7\u00e3o:<\/strong> prote\u00e7\u00e3o dos dados por chave\/algoritmo.<\/p><\/li><li data-start=\"3312\" data-end=\"3375\"><p data-start=\"3314\" data-end=\"3375\"><strong data-start=\"3314\" data-end=\"3333\">Banco de Dados:<\/strong> conjunto estruturado de dados pessoais.<\/p><\/li><li data-start=\"3376\" data-end=\"3429\"><p data-start=\"3378\" data-end=\"3429\"><strong data-start=\"3378\" data-end=\"3396\">Consentimento:<\/strong> manifesta\u00e7\u00e3o clara do titular.<\/p><\/li><li data-start=\"3430\" data-end=\"3470\"><p data-start=\"3432\" data-end=\"3470\"><strong data-start=\"3432\" data-end=\"3447\">Elimina\u00e7\u00e3o:<\/strong> exclus\u00e3o definitiva.<\/p><\/li><li data-start=\"3471\" data-end=\"3536\"><p data-start=\"3473\" data-end=\"3536\"><strong data-start=\"3473\" data-end=\"3505\">Transfer\u00eancia Internacional:<\/strong> envio para pa\u00eds estrangeiro.<\/p><\/li><li data-start=\"3537\" data-end=\"3594\"><p data-start=\"3539\" data-end=\"3594\"><strong data-start=\"3539\" data-end=\"3561\">Uso Compartilhado:<\/strong> difus\u00e3o de dados entre \u00f3rg\u00e3os.<\/p><\/li><li data-start=\"3595\" data-end=\"3658\"><p data-start=\"3597\" data-end=\"3658\"><strong data-start=\"3597\" data-end=\"3622\">Relat\u00f3rio de Impacto:<\/strong> documento com riscos e mitiga\u00e7\u00e3o.<\/p><\/li><li data-start=\"3659\" data-end=\"3719\"><p data-start=\"3661\" data-end=\"3719\"><strong data-start=\"3661\" data-end=\"3683\">\u00d3rg\u00e3o de Pesquisa:<\/strong> institui\u00e7\u00e3o legalmente constitu\u00edda.<\/p><\/li><\/ul><hr data-start=\"3721\" data-end=\"3724\" \/><h2 data-start=\"3726\" data-end=\"3760\"><strong data-start=\"3729\" data-end=\"3760\">5. FUNDAMENTOS E PRINC\u00cdPIOS<\/strong><\/h2><p data-start=\"3762\" data-end=\"3790\">A LGPD tem como fundamentos:<\/p><p data-start=\"3792\" data-end=\"4098\">I. Respeito \u00e0 privacidade<br data-start=\"3817\" data-end=\"3820\" \/>II. Autodetermina\u00e7\u00e3o informativa<br data-start=\"3852\" data-end=\"3855\" \/>III. Liberdade de express\u00e3o e comunica\u00e7\u00e3o<br data-start=\"3896\" data-end=\"3899\" \/>IV. Inviolabilidade da intimidade, honra e imagem<br data-start=\"3948\" data-end=\"3951\" \/>V. Desenvolvimento econ\u00f4mico e inova\u00e7\u00e3o<br data-start=\"3990\" data-end=\"3993\" \/>VI. Livre iniciativa e defesa do consumidor<br data-start=\"4036\" data-end=\"4039\" \/>VII. Direitos humanos<br data-start=\"4060\" data-end=\"4063\" \/>VIII. Dignidade da pessoa natural<\/p><p data-start=\"4100\" data-end=\"4180\">As atividades de tratamento devem observar <strong data-start=\"4143\" data-end=\"4153\">boa-f\u00e9<\/strong> e os seguintes princ\u00edpios:<\/p><ul data-start=\"4182\" data-end=\"4359\"><li data-start=\"4182\" data-end=\"4196\"><p data-start=\"4184\" data-end=\"4196\">Finalidade<\/p><\/li><li data-start=\"4197\" data-end=\"4210\"><p data-start=\"4199\" data-end=\"4210\">Adequa\u00e7\u00e3o<\/p><\/li><li data-start=\"4211\" data-end=\"4226\"><p data-start=\"4213\" data-end=\"4226\">Necessidade<\/p><\/li><li data-start=\"4227\" data-end=\"4243\"><p data-start=\"4229\" data-end=\"4243\">Livre Acesso<\/p><\/li><li data-start=\"4244\" data-end=\"4267\"><p data-start=\"4246\" data-end=\"4267\">Qualidade dos Dados<\/p><\/li><li data-start=\"4268\" data-end=\"4285\"><p data-start=\"4270\" data-end=\"4285\">Transpar\u00eancia<\/p><\/li><li data-start=\"4286\" data-end=\"4299\"><p data-start=\"4288\" data-end=\"4299\">Seguran\u00e7a<\/p><\/li><li data-start=\"4300\" data-end=\"4313\"><p data-start=\"4302\" data-end=\"4313\">Preven\u00e7\u00e3o<\/p><\/li><li data-start=\"4314\" data-end=\"4335\"><p data-start=\"4316\" data-end=\"4335\">N\u00e3o discrimina\u00e7\u00e3o<\/p><\/li><li data-start=\"4336\" data-end=\"4359\"><p data-start=\"4338\" data-end=\"4359\">Presta\u00e7\u00e3o de contas<\/p><\/li><\/ul><hr data-start=\"4361\" data-end=\"4364\" \/><h2 data-start=\"4366\" data-end=\"4386\"><strong data-start=\"4369\" data-end=\"4386\">6. DIRETRIZES<\/strong><\/h2><p data-start=\"4388\" data-end=\"4579\">Esta Pol\u00edtica ser\u00e1 disponibilizada nos canais internos e externos do <strong data-start=\"4457\" data-end=\"4475\">Atm\u00e3 Ambiental<\/strong>.<br data-start=\"4476\" data-end=\"4479\" \/>Observ\u00e2ncia obrigat\u00f3ria a todos os envolvidos.<br data-start=\"4525\" data-end=\"4528\" \/>Aceite formal mediante assinatura de consentimento.<\/p><h3 data-start=\"4581\" data-end=\"4637\"><strong data-start=\"4585\" data-end=\"4637\">6.1 Requisitos para tratamento de dados pessoais<\/strong><\/h3><p data-start=\"4639\" data-end=\"4677\">Tratamento permitido nas hip\u00f3teses de:<\/p><ul data-start=\"4679\" data-end=\"4929\"><li data-start=\"4679\" data-end=\"4696\"><p data-start=\"4681\" data-end=\"4696\">Consentimento<\/p><\/li><li data-start=\"4697\" data-end=\"4716\"><p data-start=\"4699\" data-end=\"4716\">Obriga\u00e7\u00e3o legal<\/p><\/li><li data-start=\"4717\" data-end=\"4750\"><p data-start=\"4719\" data-end=\"4750\">Estudos por \u00f3rg\u00e3o de pesquisa<\/p><\/li><li data-start=\"4751\" data-end=\"4775\"><p data-start=\"4753\" data-end=\"4775\">Execu\u00e7\u00e3o de contrato<\/p><\/li><li data-start=\"4776\" data-end=\"4809\"><p data-start=\"4778\" data-end=\"4809\">Exerc\u00edcio regular de direitos<\/p><\/li><li data-start=\"4810\" data-end=\"4830\"><p data-start=\"4812\" data-end=\"4830\">Prote\u00e7\u00e3o da vida<\/p><\/li><li data-start=\"4831\" data-end=\"4850\"><p data-start=\"4833\" data-end=\"4850\">Tutela da sa\u00fade<\/p><\/li><li data-start=\"4851\" data-end=\"4873\"><p data-start=\"4853\" data-end=\"4873\">Interesse leg\u00edtimo<\/p><\/li><li data-start=\"4874\" data-end=\"4897\"><p data-start=\"4876\" data-end=\"4897\">Prote\u00e7\u00e3o ao cr\u00e9dito<\/p><\/li><li data-start=\"4898\" data-end=\"4929\"><p data-start=\"4900\" data-end=\"4929\">Aperfei\u00e7oamento de servi\u00e7os<\/p><\/li><\/ul><h3 data-start=\"4931\" data-end=\"4967\"><strong data-start=\"4935\" data-end=\"4967\">6.2 Atividades de Tratamento<\/strong><\/h3><p data-start=\"4969\" data-end=\"5103\">Incluem: coleta, recep\u00e7\u00e3o, classifica\u00e7\u00e3o, utiliza\u00e7\u00e3o, armazenamento, transmiss\u00e3o, reprodu\u00e7\u00e3o, processamento, encripta\u00e7\u00e3o e elimina\u00e7\u00e3o.<\/p><hr data-start=\"5105\" data-end=\"5108\" \/><h2 data-start=\"5110\" data-end=\"5142\"><strong data-start=\"5113\" data-end=\"5142\">7. DIREITOS DOS TITULARES<\/strong><\/h2><p data-start=\"5144\" data-end=\"5168\">O titular tem direito a:<\/p><ul data-start=\"5170\" data-end=\"5360\"><li data-start=\"5170\" data-end=\"5194\"><p data-start=\"5172\" data-end=\"5194\">Confirma\u00e7\u00e3o e acesso<\/p><\/li><li data-start=\"5195\" data-end=\"5210\"><p data-start=\"5197\" data-end=\"5210\">Retifica\u00e7\u00e3o<\/p><\/li><li data-start=\"5211\" data-end=\"5225\"><p data-start=\"5213\" data-end=\"5225\">Elimina\u00e7\u00e3o<\/p><\/li><li data-start=\"5226\" data-end=\"5242\"><p data-start=\"5228\" data-end=\"5242\">Anonimiza\u00e7\u00e3o<\/p><\/li><li data-start=\"5243\" data-end=\"5260\"><p data-start=\"5245\" data-end=\"5260\">Portabilidade<\/p><\/li><li data-start=\"5261\" data-end=\"5273\"><p data-start=\"5263\" data-end=\"5273\">Oposi\u00e7\u00e3o<\/p><\/li><li data-start=\"5274\" data-end=\"5287\"><p data-start=\"5276\" data-end=\"5287\">Revoga\u00e7\u00e3o<\/p><\/li><li data-start=\"5288\" data-end=\"5325\"><p data-start=\"5290\" data-end=\"5325\">Informa\u00e7\u00e3o sobre compartilhamento<\/p><\/li><li data-start=\"5326\" data-end=\"5360\"><p data-start=\"5328\" data-end=\"5360\">Informa\u00e7\u00e3o sobre consentimento<\/p><\/li><\/ul><hr data-start=\"5362\" data-end=\"5365\" \/><h2 data-start=\"5367\" data-end=\"5400\"><strong data-start=\"5370\" data-end=\"5400\">8. SEGURAN\u00c7A DA INFORMA\u00c7\u00c3O<\/strong><\/h2><p data-start=\"5402\" data-end=\"5443\">Medidas adotadas pelo <strong data-start=\"5424\" data-end=\"5442\">Atm\u00e3 Ambiental<\/strong>:<\/p><ul data-start=\"5445\" data-end=\"5592\"><li data-start=\"5445\" data-end=\"5468\"><p data-start=\"5447\" data-end=\"5468\">Controles de acesso<\/p><\/li><li data-start=\"5469\" data-end=\"5485\"><p data-start=\"5471\" data-end=\"5485\">Criptografia<\/p><\/li><li data-start=\"5486\" data-end=\"5510\"><p data-start=\"5488\" data-end=\"5510\">Backup e recupera\u00e7\u00e3o<\/p><\/li><li data-start=\"5511\" data-end=\"5540\"><p data-start=\"5513\" data-end=\"5540\">Monitoramento e auditoria<\/p><\/li><li data-start=\"5541\" data-end=\"5571\"><p data-start=\"5543\" data-end=\"5571\">Gest\u00e3o de vulnerabilidades<\/p><\/li><li data-start=\"5572\" data-end=\"5592\"><p data-start=\"5574\" data-end=\"5592\">Seguran\u00e7a f\u00edsica<\/p><\/li><\/ul><hr data-start=\"5594\" data-end=\"5597\" \/><h2 data-start=\"5599\" data-end=\"5638\"><strong data-start=\"5602\" data-end=\"5638\">9. TREINAMENTO E CONSCIENTIZA\u00c7\u00c3O<\/strong><\/h2><p data-start=\"5640\" data-end=\"5698\">O <strong data-start=\"5642\" data-end=\"5660\">Atm\u00e3 Ambiental<\/strong> promove treinamentos cont\u00ednuos sobre:<\/p><ul data-start=\"5700\" data-end=\"5827\"><li data-start=\"5700\" data-end=\"5708\"><p data-start=\"5702\" data-end=\"5708\">LGPD<\/p><\/li><li data-start=\"5709\" data-end=\"5736\"><p data-start=\"5711\" data-end=\"5736\">Seguran\u00e7a da informa\u00e7\u00e3o<\/p><\/li><li data-start=\"5737\" data-end=\"5768\"><p data-start=\"5739\" data-end=\"5768\">Procedimentos de tratamento<\/p><\/li><li data-start=\"5769\" data-end=\"5800\"><p data-start=\"5771\" data-end=\"5800\">Identifica\u00e7\u00e3o de incidentes<\/p><\/li><li data-start=\"5801\" data-end=\"5827\"><p data-start=\"5803\" data-end=\"5827\">Direitos dos titulares<\/p><\/li><\/ul><hr data-start=\"5829\" data-end=\"5832\" \/><h2 data-start=\"5834\" data-end=\"5864\"><strong data-start=\"5837\" data-end=\"5864\">10. VIOLA\u00c7\u00d5ES E SAN\u00c7\u00d5ES<\/strong><\/h2><p data-start=\"5866\" data-end=\"5898\">O descumprimento pode acarretar:<\/p><ul data-start=\"5900\" data-end=\"5976\"><li data-start=\"5900\" data-end=\"5915\"><p data-start=\"5902\" data-end=\"5915\">Advert\u00eancia<\/p><\/li><li data-start=\"5916\" data-end=\"5929\"><p data-start=\"5918\" data-end=\"5929\">Suspens\u00e3o<\/p><\/li><li data-start=\"5930\" data-end=\"5958\"><p data-start=\"5932\" data-end=\"5958\">Rescis\u00e3o por justa causa<\/p><\/li><li data-start=\"5959\" data-end=\"5976\"><p data-start=\"5961\" data-end=\"5976\">Ressarcimento<\/p><\/li><\/ul><hr data-start=\"5978\" data-end=\"5981\" \/><h2 data-start=\"5983\" data-end=\"6012\"><strong data-start=\"5986\" data-end=\"6012\">11. DISPOSI\u00c7\u00d5ES FINAIS<\/strong><\/h2><p data-start=\"6014\" data-end=\"6105\">Esta Pol\u00edtica entra em vigor na data de sua aprova\u00e7\u00e3o e poder\u00e1 ser revisada periodicamente.<\/p><p data-start=\"7264\" data-end=\"7410\">[1] Lei Geral de Prote\u00e7\u00e3o de Dados Pessoais (LGPD), Lei n\u00ba 13.709\/2018:<br data-start=\"7335\" data-end=\"7338\" \/><em><strong><a class=\"decorated-link\" href=\"http:\/\/www.planalto.gov.br\/ccivil_03\/_ato2015-2018\/2018\/lei\/l13709.htm\" target=\"_new\" rel=\"noopener\" data-start=\"7338\" data-end=\"7408\">http:\/\/www.planalto.gov.br\/ccivil_03\/_ato2015-2018\/2018\/lei\/l13709.htm<\/a><\/strong><\/em><\/p>\t\t\t\t\t\t\t\t<\/div>\n\t\t\t\t<\/div>\n\t\t\t\t\t<\/div>\n\t\t\t\t<\/div>\n\t\t<div class=\"elementor-element elementor-element-9e93155 e-flex e-con-boxed e-con e-parent\" data-id=\"9e93155\" data-element_type=\"container\" data-e-type=\"container\">\n\t\t\t\t\t<div class=\"e-con-inner\">\n\t\t\t\t<div class=\"elementor-element elementor-element-7fcf90b elementor-widget elementor-widget-spacer\" data-id=\"7fcf90b\" data-element_type=\"widget\" data-e-type=\"widget\" data-widget_type=\"spacer.default\">\n\t\t\t\t<div class=\"elementor-widget-container\">\n\t\t\t\t\t\t\t<div class=\"elementor-spacer\">\n\t\t\t<div class=\"elementor-spacer-inner\"><\/div>\n\t\t<\/div>\n\t\t\t\t\t\t<\/div>\n\t\t\t\t<\/div>\n\t\t\t\t\t<\/div>\n\t\t\t\t<\/div>\n\t\t\t\t<\/div>\n\t\t","protected":false},"excerpt":{"rendered":"<p>Pol\u00edtica de Privacidade Seguro Ambiental 1. INTRODU\u00c7\u00c3O A presente Pol\u00edtica de Prote\u00e7\u00e3o de Dados Pessoais do Atm\u00e3 Ambiental foi elaborada com base na Lei Geral de Prote\u00e7\u00e3o de Dados (LGPD \u2013 Lei n\u00ba 13.709\/2018), sem deixar de considerar conceitos, par\u00e2metros e padr\u00f5es estabelecidos por outras normativas internacionais, em especial, o General Data Protection Regulation (GDPR). [&hellip;]<\/p>\n","protected":false},"author":1,"featured_media":0,"parent":0,"menu_order":0,"comment_status":"closed","ping_status":"closed","template":"elementor_header_footer","meta":{"footnotes":""},"class_list":["post-579","page","type-page","status-publish","hentry"],"_links":{"self":[{"href":"https:\/\/mkf7.com\/atmaambiental\/wp-json\/wp\/v2\/pages\/579","targetHints":{"allow":["GET"]}}],"collection":[{"href":"https:\/\/mkf7.com\/atmaambiental\/wp-json\/wp\/v2\/pages"}],"about":[{"href":"https:\/\/mkf7.com\/atmaambiental\/wp-json\/wp\/v2\/types\/page"}],"author":[{"embeddable":true,"href":"https:\/\/mkf7.com\/atmaambiental\/wp-json\/wp\/v2\/users\/1"}],"replies":[{"embeddable":true,"href":"https:\/\/mkf7.com\/atmaambiental\/wp-json\/wp\/v2\/comments?post=579"}],"version-history":[{"count":34,"href":"https:\/\/mkf7.com\/atmaambiental\/wp-json\/wp\/v2\/pages\/579\/revisions"}],"predecessor-version":[{"id":644,"href":"https:\/\/mkf7.com\/atmaambiental\/wp-json\/wp\/v2\/pages\/579\/revisions\/644"}],"wp:attachment":[{"href":"https:\/\/mkf7.com\/atmaambiental\/wp-json\/wp\/v2\/media?parent=579"}],"curies":[{"name":"wp","href":"https:\/\/api.w.org\/{rel}","templated":true}]}}